{"id":2327,"date":"2019-02-16T14:02:57","date_gmt":"2019-02-16T14:02:57","guid":{"rendered":"http:\/\/masterlitas.com\/wp\/?page_id=2327"},"modified":"2023-06-17T08:04:42","modified_gmt":"2023-06-17T08:04:42","slug":"apie-mus","status":"publish","type":"page","link":"https:\/\/masterlitas.com\/wp\/apie-mus\/","title":{"rendered":"APIE MUS"},"content":{"rendered":"\t\t<div data-elementor-type=\"wp-post\" data-elementor-id=\"2327\" class=\"elementor elementor-2327\" data-elementor-settings=\"[]\">\n\t\t\t<div class=\"elementor-inner\">\n\t\t\t\t<div class=\"elementor-section-wrap\">\n\t\t\t\t\t\t\t<section class=\"elementor-element elementor-element-ddaee5d elementor-section-boxed elementor-section-height-default elementor-section-height-default elementor-section elementor-top-section\" data-id=\"ddaee5d\" data-element_type=\"section\">\n\t\t\t\t\t\t<div class=\"elementor-container elementor-column-gap-default\">\n\t\t\t\t<div class=\"elementor-row\">\n\t\t\t\t<div class=\"elementor-element elementor-element-741694b elementor-column elementor-col-100 elementor-top-column\" data-id=\"741694b\" data-element_type=\"column\">\n\t\t\t<div class=\"elementor-column-wrap  elementor-element-populated\">\n\t\t\t\t\t<div class=\"elementor-widget-wrap\">\n\t\t\t\t<div class=\"elementor-element elementor-element-a4de15e elementor-widget elementor-widget-image\" data-id=\"a4de15e\" data-element_type=\"widget\" data-widget_type=\"image.default\">\n\t\t\t\t<div class=\"elementor-widget-container\">\n\t\t\t\t\t<div class=\"elementor-image\">\n\t\t\t\t\t\t\t\t\t\t<img src=\"https:\/\/masterlitas.com\/wp\/wp-content\/uploads\/elementor\/thumbs\/volnistyy-metall-ogesvja859k3kid2lnjdsplf2iqqe4rwrlnei2drkg.jpg\" title=\"volnistyy-metall\" alt=\"volnistyy-metall\" \/>\t\t\t\t\t\t\t\t\t\t\t<\/div>\n\t\t\t\t<\/div>\n\t\t\t\t<\/div>\n\t\t\t\t\t\t<\/div>\n\t\t\t<\/div>\n\t\t<\/div>\n\t\t\t\t\t\t<\/div>\n\t\t\t<\/div>\n\t\t<\/section>\n\t\t\t\t<section class=\"elementor-element elementor-element-806d6f9 elementor-section-boxed elementor-section-height-default elementor-section-height-default elementor-section elementor-top-section\" data-id=\"806d6f9\" data-element_type=\"section\">\n\t\t\t\t\t\t<div class=\"elementor-container elementor-column-gap-default\">\n\t\t\t\t<div class=\"elementor-row\">\n\t\t\t\t<div class=\"elementor-element elementor-element-4e1aca1 elementor-column elementor-col-100 elementor-top-column\" data-id=\"4e1aca1\" data-element_type=\"column\">\n\t\t\t<div class=\"elementor-column-wrap  elementor-element-populated\">\n\t\t\t\t\t<div class=\"elementor-widget-wrap\">\n\t\t\t\t<div class=\"elementor-element elementor-element-224c701 elementor-widget elementor-widget-heading\" data-id=\"224c701\" data-element_type=\"widget\" data-widget_type=\"heading.default\">\n\t\t\t\t<div class=\"elementor-widget-container\">\n\t\t\t<h2 class=\"elementor-heading-title elementor-size-default\">APIE MUS<\/h2>\t\t<\/div>\n\t\t\t\t<\/div>\n\t\t\t\t\t\t<\/div>\n\t\t\t<\/div>\n\t\t<\/div>\n\t\t\t\t\t\t<\/div>\n\t\t\t<\/div>\n\t\t<\/section>\n\t\t\t\t<section class=\"elementor-element elementor-element-e8c0e5e elementor-section-boxed elementor-section-height-default elementor-section-height-default elementor-section elementor-top-section\" data-id=\"e8c0e5e\" data-element_type=\"section\">\n\t\t\t\t\t\t<div class=\"elementor-container elementor-column-gap-default\">\n\t\t\t\t<div class=\"elementor-row\">\n\t\t\t\t<div class=\"elementor-element elementor-element-5a26d3c elementor-column elementor-col-100 elementor-top-column\" data-id=\"5a26d3c\" data-element_type=\"column\">\n\t\t\t<div class=\"elementor-column-wrap  elementor-element-populated\">\n\t\t\t\t\t<div class=\"elementor-widget-wrap\">\n\t\t\t\t<div class=\"elementor-element elementor-element-3fdc9e7 elementor-widget elementor-widget-text-editor\" data-id=\"3fdc9e7\" data-element_type=\"widget\" data-widget_type=\"text-editor.default\">\n\t\t\t\t<div class=\"elementor-widget-container\">\n\t\t\t\t\t<div class=\"elementor-text-editor elementor-clearfix\"><p style=\"text-align: center;\"><span style=\"font-family: georgia, palatino, serif;\"><b><span style=\"font-size: 20px;\">Masterlitas<\/span><\/b> yra patikima \u012fmon\u0117, kuri specializuojasi hidraulini\u0173 komponent\u0173 ir \u012frangos tiekime klientams, dirbantiems \u012fvairiuose sektoriuose: pramon\u0117, j\u016br\u0173 transportas ir laiv\u0173 remontas, statybos ir \u017eem\u0117s \u016bkio technika, kalnakasybos pramon\u0117, metalurgija, medienos apdirbimas. B\u016bdami oficialiu Danijos \u012fmon\u0117s \u201eminiBOOSTER\u201c atstovu Baltijos \u0161alyse, Lenkijoje ir Kazachstane, galime pasi\u016blyti sprendimus tiek min\u0117tuose sektoriuose, tiek naftos ir duj\u0173 gavybos srityje. Si\u016blome ner\u016bdijan\u010dio plieno vamzd\u017eius ir jungiam\u0105sias detales pramonei ir j\u016br\u0173 transportui, gr\u0119\u017eimo strypus ir \u012frang\u0105 Vermeer ir DitchWitch ma\u0161inoms. <br \/><\/span><\/p><p style=\"text-align: center;\"><span style=\"font-family: georgia, palatino, serif;\">M\u016bs\u0173 pagrindiniai prioritetai yra savalaikis auk\u0161tos kokyb\u0117s \u012frangos pristatymas ir puikus klient\u0173 aptarnavimas. <br \/><\/span><\/p><p style=\"text-align: center;\"><span style=\"font-family: georgia, palatino, serif;\"><b>Masterlitas<\/b> yra patikimas j\u016bs\u0173 verslo partneris!<\/span><\/p><\/div>\n\t\t\t\t<\/div>\n\t\t\t\t<\/div>\n\t\t\t\t\t\t<\/div>\n\t\t\t<\/div>\n\t\t<\/div>\n\t\t\t\t\t\t<\/div>\n\t\t\t<\/div>\n\t\t<\/section>\n\t\t\t\t<section class=\"elementor-element elementor-element-e4f6c99 elementor-section-boxed elementor-section-height-default elementor-section-height-default elementor-section elementor-top-section\" data-id=\"e4f6c99\" data-element_type=\"section\">\n\t\t\t\t\t\t<div class=\"elementor-container elementor-column-gap-default\">\n\t\t\t\t<div class=\"elementor-row\">\n\t\t\t\t<div class=\"elementor-element elementor-element-c8f45fe elementor-column elementor-col-100 elementor-top-column\" data-id=\"c8f45fe\" data-element_type=\"column\">\n\t\t\t<div class=\"elementor-column-wrap  elementor-element-populated\">\n\t\t\t\t\t<div class=\"elementor-widget-wrap\">\n\t\t\t\t<div class=\"elementor-element elementor-element-959f80c elementor-widget elementor-widget-heading\" data-id=\"959f80c\" data-element_type=\"widget\" data-widget_type=\"heading.default\">\n\t\t\t\t<div class=\"elementor-widget-container\">\n\t\t\t<h2 class=\"elementor-heading-title elementor-size-default\">CONTACT US<\/h2>\t\t<\/div>\n\t\t\t\t<\/div>\n\t\t\t\t\t\t<\/div>\n\t\t\t<\/div>\n\t\t<\/div>\n\t\t\t\t\t\t<\/div>\n\t\t\t<\/div>\n\t\t<\/section>\n\t\t\t\t<section class=\"elementor-element elementor-element-42be43f elementor-section-boxed elementor-section-height-default elementor-section-height-default elementor-section elementor-top-section\" data-id=\"42be43f\" data-element_type=\"section\">\n\t\t\t\t\t\t<div class=\"elementor-container elementor-column-gap-default\">\n\t\t\t\t<div class=\"elementor-row\">\n\t\t\t\t<div class=\"elementor-element elementor-element-b4504a9 elementor-column elementor-col-25 elementor-top-column\" data-id=\"b4504a9\" data-element_type=\"column\">\n\t\t\t<div class=\"elementor-column-wrap\">\n\t\t\t\t\t<div class=\"elementor-widget-wrap\">\n\t\t\t\t\t\t<\/div>\n\t\t\t<\/div>\n\t\t<\/div>\n\t\t\t\t<div class=\"elementor-element elementor-element-6c8ec8c elementor-column elementor-col-50 elementor-top-column\" data-id=\"6c8ec8c\" data-element_type=\"column\">\n\t\t\t<div class=\"elementor-column-wrap  elementor-element-populated\">\n\t\t\t\t\t<div class=\"elementor-widget-wrap\">\n\t\t\t\t<div class=\"elementor-element elementor-element-7a51e5a elementor-widget elementor-widget-shortcode\" data-id=\"7a51e5a\" data-element_type=\"widget\" data-widget_type=\"shortcode.default\">\n\t\t\t\t<div class=\"elementor-widget-container\">\n\t\t\t\t\t<div class=\"elementor-shortcode\"><div role=\"form\" class=\"wpcf7\" id=\"wpcf7-f2308-o1\" lang=\"en-GB\" dir=\"ltr\">\n<div class=\"screen-reader-response\"><\/div>\n<form action=\"\/wp\/wp-json\/wp\/v2\/pages\/2327#wpcf7-f2308-o1\" method=\"post\" class=\"wpcf7-form\" novalidate=\"novalidate\">\n<div style=\"display: none;\">\n<input type=\"hidden\" name=\"_wpcf7\" value=\"2308\" \/>\n<input type=\"hidden\" name=\"_wpcf7_version\" value=\"5.1.5\" \/>\n<input type=\"hidden\" name=\"_wpcf7_locale\" value=\"en_GB\" \/>\n<input type=\"hidden\" name=\"_wpcf7_unit_tag\" value=\"wpcf7-f2308-o1\" \/>\n<input type=\"hidden\" name=\"_wpcf7_container_post\" value=\"0\" \/>\n<input type=\"hidden\" name=\"g-recaptcha-response\" value=\"\" \/>\n<\/div>\n<p><label> Your Name (required)<br \/>\n  <span class=\"wpcf7-form-control-wrap your-name\"><input type=\"text\" name=\"your-name\" value=\"\" size=\"40\" class=\"wpcf7-form-control wpcf7-text wpcf7-validates-as-required\" aria-required=\"true\" aria-invalid=\"false\" \/><\/span> <\/label><br \/>\n<label> Your Email (required)<br \/>\n  <span class=\"wpcf7-form-control-wrap your-email\"><input type=\"email\" name=\"your-email\" value=\"\" size=\"40\" class=\"wpcf7-form-control wpcf7-text wpcf7-email wpcf7-validates-as-required wpcf7-validates-as-email\" aria-required=\"true\" aria-invalid=\"false\" \/><\/span> <\/label><br \/>\n<label> Your tel.<br \/>\n  <span class=\"wpcf7-form-control-wrap tel-695\"><input type=\"tel\" name=\"tel-695\" value=\"\" size=\"40\" class=\"wpcf7-form-control wpcf7-text wpcf7-tel wpcf7-validates-as-tel\" aria-invalid=\"false\" \/><\/span> <\/label><br \/>\n<label> Your Message<br \/>\n    <span class=\"wpcf7-form-control-wrap your-message\"><textarea name=\"your-message\" cols=\"40\" rows=\"10\" class=\"wpcf7-form-control wpcf7-textarea\" aria-invalid=\"false\"><\/textarea><\/span> <\/label><\/p>\n<p><input type=\"submit\" value=\"Send\" class=\"wpcf7-form-control wpcf7-submit\" \/><\/p>\n<div class=\"wpcf7-response-output wpcf7-display-none\"><\/div><\/form><\/div><\/div>\n\t\t\t\t<\/div>\n\t\t\t\t<\/div>\n\t\t\t\t\t\t<\/div>\n\t\t\t<\/div>\n\t\t<\/div>\n\t\t\t\t<div class=\"elementor-element elementor-element-491102f elementor-column elementor-col-25 elementor-top-column\" data-id=\"491102f\" data-element_type=\"column\">\n\t\t\t<div class=\"elementor-column-wrap\">\n\t\t\t\t\t<div class=\"elementor-widget-wrap\">\n\t\t\t\t\t\t<\/div>\n\t\t\t<\/div>\n\t\t<\/div>\n\t\t\t\t\t\t<\/div>\n\t\t\t<\/div>\n\t\t<\/section>\n\t\t\t\t\t\t<\/div>\n\t\t\t<\/div>\n\t\t<\/div>\n\t\t","protected":false},"excerpt":{"rendered":"<p>APIE MUS Masterlitas yra patikima \u012fmon\u0117, kuri specializuojasi hidraulini\u0173 komponent\u0173 ir \u012frangos tiekime klientams, dirbantiems \u012fvairiuose sektoriuose: pramon\u0117, j\u016br\u0173 transportas ir laiv\u0173 remontas, statybos ir \u017eem\u0117s \u016bkio technika, kalnakasybos pramon\u0117, metalurgija, medienos apdirbimas. B\u016bdami oficialiu Danijos \u012fmon\u0117s \u201eminiBOOSTER\u201c atstovu Baltijos \u0161alyse, Lenkijoje ir Kazachstane, galime pasi\u016blyti sprendimus tiek min\u0117tuose sektoriuose, tiek naftos ir duj\u0173 gavybos [&hellip;]<\/p>\n","protected":false},"author":2,"featured_media":0,"parent":0,"menu_order":0,"comment_status":"closed","ping_status":"closed","template":"elementor_header_footer","meta":[],"_links":{"self":[{"href":"https:\/\/masterlitas.com\/wp\/wp-json\/wp\/v2\/pages\/2327"}],"collection":[{"href":"https:\/\/masterlitas.com\/wp\/wp-json\/wp\/v2\/pages"}],"about":[{"href":"https:\/\/masterlitas.com\/wp\/wp-json\/wp\/v2\/types\/page"}],"author":[{"embeddable":true,"href":"https:\/\/masterlitas.com\/wp\/wp-json\/wp\/v2\/users\/2"}],"replies":[{"embeddable":true,"href":"https:\/\/masterlitas.com\/wp\/wp-json\/wp\/v2\/comments?post=2327"}],"version-history":[{"count":9,"href":"https:\/\/masterlitas.com\/wp\/wp-json\/wp\/v2\/pages\/2327\/revisions"}],"predecessor-version":[{"id":2841,"href":"https:\/\/masterlitas.com\/wp\/wp-json\/wp\/v2\/pages\/2327\/revisions\/2841"}],"wp:attachment":[{"href":"https:\/\/masterlitas.com\/wp\/wp-json\/wp\/v2\/media?parent=2327"}],"curies":[{"name":"wp","href":"https:\/\/api.w.org\/{rel}","templated":true}]}}